{"id":85,"date":"2024-02-18T10:01:05","date_gmt":"2024-02-18T10:01:05","guid":{"rendered":"https:\/\/pv.pekelny.net\/?page_id=85"},"modified":"2024-02-19T10:05:48","modified_gmt":"2024-02-19T10:05:48","slug":"raids","status":"publish","type":"page","link":"https:\/\/pv.pekelny.net\/en\/raids\/","title":{"rendered":"Raids"},"content":{"rendered":"<p><strong>Will of the Emperor<\/strong><\/p>\n\n\n\n<p>Jde o dvouf\u00e1zov\u00fd boj, kter\u00fd je t\u0159eba aktivovat ovl\u00e1dac\u00edm panelem u vchodu. Po aktivaci mus\u00edte po\u010dkat 25 sekund, ne\u017e boj skute\u010dn\u011b za\u010dne. Prvn\u00ed f\u00e1ze trv\u00e1 prvn\u00edch 90 sekund boje. B\u011bhem t\u00e9to doby se budete muset vypo\u0159\u00e1dat se t\u0159emi r\u016fzn\u00fdmi typy add\u016f (Rage, Courage a Strength).<\/p>\n\n\n\n<p>F\u00e1ze dv\u011b za\u010d\u00edn\u00e1 po 90 sekund\u00e1ch, kdy se aktivuj\u00ed oba bossov\u00e9, Jan-xi a Qin-xi. Addi z prvn\u00ed f\u00e1ze se budou nad\u00e1le spawnovat a\u017e do konce boje. Jan-xi a Qin-xi maj\u00ed spole\u010dn\u00fd z\u00e1sobn\u00edk zdrav\u00ed a boj kon\u010d\u00ed jejich smrt\u00ed.<\/p>\n\n\n\n<p><strong>Je t\u0159eba:<\/strong> 2x tank, 2x healer, 6x dps<\/p>\n\n\n\n<ol class=\"wp-block-list\">\n<li>co nejd\u0159\u00edve zab\u00edt addy v po\u0159ad\u00ed nejd\u0159\u00edve 1.Courage > 2.Strength > 3.Rage<br>pokud nejsou aktivn\u00ed addi, zab\u00edj\u00edme bosse (je jedno kter\u00e9ho, sd\u00edlej\u00ed HP)<\/li>\n\n\n\n<li>na Emperor&#8217;s Courage \u00fato\u010dit zezadu, zpomalovat (frost trap\/atd.) &#8211; naprosto v\u017edy zab\u00edt okam\u017eit\u011b, jakmile je aktivn\u00ed (nesm\u00ed doj\u00edt k tank\u016fm)<\/li>\n\n\n\n<li>Emperor&#8217;s Strength zab\u00edt prioritn\u011b, pokud nen\u00ed zrovna aktivn\u00ed Emperor&#8217;s Courage. M\u016f\u017ee ji tauntnout DPSko. Je t\u0159eba je zab\u00edt co nejd\u0159\u00edve, ne\u017e se jim p\u0159\u00edli\u0161 zv\u011bt\u0161\u00ed AoE pro Energizing Smash.<\/li>\n\n\n\n<li>na Emperor&#8217;s Rage pou\u017e\u00edt crowd control (stun\/fear\/&#8230;) pokud jsou aktivn\u00ed Courage nebo Strength. Jinak zab\u00edt.<\/li>\n\n\n\n<li>p\u0159esn\u011b 90 sekund od startu boje sesko\u010d\u00ed dol\u016f oba bossov\u00e9 Jan-xi a Qin-xi<br>&#8211; ka\u017ed\u00fd tank si vezme jednoho bosse do p\u016flkulat\u00e9ho v\u00fdklenku ar\u00e9ny a vyh\u00fdb\u00e1 se \u00fatok\u016fm bosse Devastating Combo, z\u00edsk\u00e1 schopnost Opportunistic Strike a pou\u017eije ji<br>&#8211; ranged DPS a heale\u0159i stoj\u00ed ve st\u0159edu ar\u00e9ny a uh\u00fdbaj\u00ed, \u0159e\u0161\u00ed addy, nejsou-li addi = zab\u00edjej\u00ed bosse<br>&#8211; na Titan Gas si heale\u0159i rozd\u011bl\u00ed cooldowny (healing cel\u00e9ho raidu) a mele DPS odp\u00e1l\u00ed v\u0161echny CD do bosse (+25% dmg)<\/li>\n<\/ol>\n\n\n\n<p>Na heroic je Titan Gas aktivn\u00ed po celoudobu boje (z\u00e1t\u011b\u017e na healery) a addi se spawnuj\u00ed po celou dobu boje.<br>Devastating Combo se nyn\u00ed skl\u00e1daj\u00ed z 10 \u00fatok\u016f ka\u017ed\u00e9ho bosse nam\u00edsto 5 \u00fatok\u016f v norm\u00e1ln\u00edm re\u017eimu (samotn\u00e9 \u00fatoky z\u016fst\u00e1vaj\u00ed beze zm\u011bny, ale z\u00e1sah jimi zp\u016fsobuje podstatn\u011b v\u011bt\u0161\u00ed po\u0161kozen\u00ed). Opportunistic Strike abilita, kterou jste odm\u011bn\u011bni za to, \u017ee se vyhnete cel\u00e9mu devastuj\u00edc\u00edmu kombu, nyn\u00ed zp\u016fsobuje 1 milion po\u0161kozen\u00ed (z p\u016fvodn\u00edch 500 tis\u00edc).<br>Poka\u017ed\u00e9, kdy\u017e je jeden z add\u016f zabit, objev\u00ed se na jeho m\u00edst\u011b Titan Spark. Nov\u00fd add Titan Spark se zam\u011b\u0159\u00ed na n\u00e1hodn\u00e9ho hr\u00e1\u010de a pomalu se k n\u011bmu p\u0159ibli\u017euje. Kdy\u017e se s n\u00edm dostanete do kontaktu, add exploduje, \u010d\u00edm\u017e zp\u016fsob\u00ed extr\u00e9mn\u00ed po\u0161kozen\u00ed (nature dmg) v\u0161em hr\u00e1\u010d\u016fm v okruhu 8 yard\u016f a tak\u00e9 zv\u00fd\u0161\u00ed v\u0161em boss\u016fm nebo add\u016fm v tomto okruhu rychlost \u00fatoku o 50 % na 2 minuty. Na Titan Spark lze \u00fato\u010dit a zab\u00edjet je, ale jak uvid\u00edme v \u010d\u00e1sti o strategii, je to velmi neefektivn\u00ed.<br>Titan Sparky je nutn\u00e9 ru\u010dn\u011b odp\u00e1lit k\u00fdmkoliv, kdo m\u00e1 ability na sn\u00ed\u017een\u00ed po\u0161kozen\u00ed (Paladins: Divine Shield, Hunters: Deterrence, Priests: Dispersion, Rogues: Cloak of Shadows a dal\u0161\u00ed). Mus\u00edte se ujistit, \u017ee v bl\u00edzkosti add\u016f nebo boss\u016f nejsou odp\u00e1leny \u017e\u00e1dn\u00e9 Titan Sparky. Hr\u00e1\u010di, na kter\u00e9 jsou fixov\u00e1ny, nav\u00edc mus\u00ed db\u00e1t na to, aby nebyly kitov\u00e1ny do ostatn\u00edch \u010dlen\u016f raidu.<\/p>\n\n\n\n<p><strong>Emperor&#8217;s Courage<\/strong> se spawnuje z v\u00fdklenku po stran\u00e1ch ar\u00e9ny (sta\u010d\u00ed se pod\u00edvat vzh\u016fru a vid\u00edte \u010derven\u00e9 sv\u011btlo ve v\u00fdklenku, kde se objev\u00ed). Fixuj\u00ed se na tanky, ke kter\u00fdm nesm\u00ed doj\u00edt. Pokud se tak stane, za\u00fato\u010d\u00ed na tanka s Impeding Thrust (4 stacky = tank zmrzne). Lze na n\u011b \u00fato\u010dit jen zezadu!<\/p>\n\n\n\n<p><strong>Emperor&#8217;s Strength<\/strong> se spawnuje z v\u00fdklenk\u016f um\u00edst\u011bn\u00fdch na p\u016fli cesty mezi st\u0159edem a stranami ar\u00e9ny (sk\u00e1\u010de z v\u00fdklenk\u016f um\u00edst\u011bn\u00fdch nad \u00farovn\u00ed zem\u011b, tak\u017ee abyste je vid\u011bli sv\u00edtit \u010derven\u011b, mus\u00edte se d\u00edvat nahoru). Maj\u00ed norm\u00e1ln\u00ed threat tabulky, ale ne\u00fato\u010d\u00ed mele na sv\u016fj hlavn\u00ed aggro c\u00edl. Pravideln\u011b (7sec) pou\u017e\u00edvaj\u00ed Energizing Smash (velk\u00e9 fyzick\u00e9 zran\u011bn\u00ed) + omr\u00e1\u010den\u00ed v\u0161ech v dosahu kouzla. Jsou imun\u00ed na crowd control. S ka\u017ed\u00fdm \u00faderem Energizing Smash se okruh 10 yard\u016f zv\u011bt\u0161\u00ed o 1 yard.<\/p>\n\n\n\n<p>Oba <strong>Emperor&#8217;s Rage<\/strong> se fixuj\u00ed na n\u00e1hodn\u00e9ho hr\u00e1\u010de, co\u017e graficky zn\u00e1zor\u0148uje linka mezi Rage a hr\u00e1\u010dem. Pokud k hr\u00e1\u010di dojdou, zp\u016fsob\u00ed st\u0159edn\u00ed dmg. Lze na n\u011b pou\u017e\u00edt jak\u00fdkoliv crowd control (stun, fear, frost trap, atd.).<\/p>\n\n\n\n<p><strong>Jan-xi a Qin-xi<\/strong><\/p>\n\n\n\n<ul class=\"wp-block-list\">\n<li>sd\u00edlej\u00ed HP<\/li>\n\n\n\n<li>sd\u00edlej\u00ed ability<\/li>\n\n\n\n<li>ka\u017ed\u00fd z nich m\u00e1 energetick\u00fd panel s maxim\u00e1ln\u00ed kapacitou 20. Jejich energie se v pr\u016fb\u011bhu \u010dasu zvy\u0161uje rychlost\u00ed 1 energie za sekundu, a to zcela nez\u00e1visle na jak\u00e9koli akci hr\u00e1\u010de. Energetick\u00e9 bary obou boss\u016f jsou synchronizovan\u00e9. Kdy\u017e bossov\u00e9 dos\u00e1hnou maxim\u00e1ln\u00ed energie, ka\u017ed\u00fd z nich provede ni\u010div\u00e9 kombo. Devastuj\u00edc\u00ed kombo je s\u00e9rie 5 \u00fatok\u016f, kter\u00e9 se pou\u017e\u00edvaj\u00ed po dobu 15 sekund, b\u011bhem nich\u017e se bossov\u00e9 ji\u017e nebl\u00ed\u017e\u00ed ani nepohybuj\u00ed. Jejich \u00fatoky jsou n\u00e1hodnou kombinac\u00ed n\u00e1sleduj\u00edc\u00edch 2 schopnost\u00ed, i kdy\u017e se zd\u00e1, \u017ee prvn\u00ed z nich je pou\u017e\u00edv\u00e1na mnohem \u010dast\u011bji ne\u017e druh\u00e1.<\/li>\n<\/ul>\n\n\n\n<p><strong>Devastating Arc<\/strong> &#8211; boss se rozm\u00e1chne zbran\u00ed a zp\u016fsob\u00ed po\u0161kozen\u00ed ve velk\u00e9 oblasti p\u0159ed, vlevo nebo vpravo od bosse. Kterou oblast boss zas\u00e1hne, pozn\u00e1te snadno podle toho, \u017ee v dan\u00e9m sm\u011bru blikaj\u00ed modr\u00e1 sv\u011btla. Animace bosse tak\u00e9 slou\u017e\u00ed k jasn\u00e9mu ozna\u010den\u00ed m\u00edsta, kam ude\u0159\u00ed:<br>&#8211; kdy\u017e se boss <span style=\"text-decoration: underline;\">p\u0159ehod\u00ed zbra\u0148 p\u0159es lev\u00e9 rameno dozadu, ude\u0159\u00ed do oblasti napravo<\/span> od sebe.<br>&#8211; kdy\u017e boss <span style=\"text-decoration: underline;\">p\u0159ehod\u00ed zbra\u0148 p\u0159es prav\u00e9 rameno, zas\u00e1hne oblast vlevo.<\/span><br>&#8211; kdy\u017e boss dr\u017e\u00ed <span style=\"text-decoration: underline;\">zbra\u0148 nam\u00ed\u0159enou dop\u0159edu, ude\u0159\u00ed do oblasti p\u0159ed sebou<\/span>.<br>Zasa\u017een\u00ed t\u00edmto \u00fatokem krom\u011b po\u0161kozen\u00ed, kter\u00e9 zp\u016fsob\u00ed, zp\u016fsob\u00ed tak\u00e9 stackovac\u00ed debuff, kter\u00fd sn\u00ed\u017e\u00ed brn\u011bn\u00ed c\u00edle o 10 % na 30 sekund, na ka\u017ed\u00fd stack.<\/p>\n\n\n\n<p><strong>Stomp<\/strong> &#8211; Dupnut\u00ed zp\u016fsob\u00ed po\u0161kozen\u00ed hr\u00e1\u010d\u016fm v okruhu 12 yard\u016f kolem bosse a z\u00e1rove\u0148 je na 2 sekundy omr\u00e1\u010d\u00ed. Podle animace bosse snadno pozn\u00e1te, kdy se Stomp chyst\u00e1. <span style=\"text-decoration: underline;\">Zvedne zbra\u0148 nad hlavu.<\/span><\/p>\n\n\n\n<p>Tyto dv\u011b schopnosti jsou sice samy o sob\u011b \u0161kodliv\u00e9, ale vyhnout se jim m\u00e1 je\u0161t\u011b jednu velmi d\u016fle\u017eitou v\u00fdhodu. Kdykoli se hr\u00e1\u010d vyhne po\u0161kozen\u00ed od v\u0161ech schopnost\u00ed v Devastating Combo, z\u00edsk\u00e1 schopnost <strong>Opportunistic Strike<\/strong> (extra \u010dudl\u00edk). Tuto schopnost lze pou\u017e\u00edt pouze jednou a zp\u016fsob\u00ed c\u00edli 500k po\u0161kozen\u00ed.<\/p>\n\n\n\n<p>Ka\u017ed\u00fd boss tak\u00e9 aplikuje na sv\u016fj hlavn\u00ed aggro c\u00edl debuff, kter\u00fd se naz\u00fdv\u00e1 <strong>Magnetic Armor<\/strong>. Tento debuff je ne\u0161kodn\u00fd, pokud se tank nach\u00e1z\u00ed do 15 metr\u016f od bosse. Jakmile v\u0161ak tank tuto vzd\u00e1lenost p\u0159ekro\u010d\u00ed, bude okam\u017eit\u011b p\u0159ita\u017een zp\u011bt k bossovi.<\/p>\n\n\n\n<p>Ka\u017ed\u00e9 2 minuty a 30 sekund se m\u00edstnost napln\u00ed plynem <strong>Titan Gas<\/strong>. Prvn\u00ed t\u0159i zaplynov\u00e1n\u00ed trvaj\u00ed ka\u017ed\u00fd 20 sekund. \u010ctvrt\u00fd (a posledn\u00ed) plyn trv\u00e1, dokud nejsou zabiti bossov\u00e9. Titan plyn m\u00e1 n\u011bkolik \u00fa\u010dink\u016f:<br>&#8211; raid-wide Frost damage ka\u017edou sekundu<br>&#8211; zvy\u0161uje \u00fatoky (zran\u011bn\u00ed zp\u016fsoben\u00e9) tanky a mele dps o 25%<br>&#8211; zvy\u0161uje \u00fatoky (zran\u011bn\u00ed zp\u016fsoben\u00e9) nep\u0159\u00e1teli o 25%<br>&#8211; po dobu trv\u00e1n\u00ed zastav\u00ed spawnov\u00e1n\u00ed v\u0161ech add\u016f<br>P\u0159i \u010dtvrt\u00e9m zaplynov\u00e1n\u00ed se op\u011bt za\u010dnou spawnovat addi (soft-enrage).<\/p>","protected":false},"excerpt":{"rendered":"<p>Will of the Emperor Jde o dvouf\u00e1zov\u00fd boj, kter\u00fd je t\u0159eba aktivovat ovl\u00e1dac\u00edm panelem u vchodu. Po aktivaci mus\u00edte po\u010dkat 25 sekund, ne\u017e boj skute\u010dn\u011b za\u010dne. Prvn\u00ed f\u00e1ze trv\u00e1 prvn\u00edch 90 sekund boje. B\u011bhem t\u00e9to doby se budete muset vypo\u0159\u00e1dat se t\u0159emi r\u016fzn\u00fdmi typy add\u016f (Rage, Courage a Strength). F\u00e1ze dv\u011b za\u010d\u00edn\u00e1 po 90 sekund\u00e1ch, [&hellip;]<\/p>\n","protected":false},"author":1,"featured_media":0,"parent":0,"menu_order":0,"comment_status":"closed","ping_status":"closed","template":"","meta":{"footnotes":""},"class_list":["post-85","page","type-page","status-publish","hentry"],"_links":{"self":[{"href":"https:\/\/pv.pekelny.net\/en\/wp-json\/wp\/v2\/pages\/85","targetHints":{"allow":["GET"]}}],"collection":[{"href":"https:\/\/pv.pekelny.net\/en\/wp-json\/wp\/v2\/pages"}],"about":[{"href":"https:\/\/pv.pekelny.net\/en\/wp-json\/wp\/v2\/types\/page"}],"author":[{"embeddable":true,"href":"https:\/\/pv.pekelny.net\/en\/wp-json\/wp\/v2\/users\/1"}],"replies":[{"embeddable":true,"href":"https:\/\/pv.pekelny.net\/en\/wp-json\/wp\/v2\/comments?post=85"}],"version-history":[{"count":8,"href":"https:\/\/pv.pekelny.net\/en\/wp-json\/wp\/v2\/pages\/85\/revisions"}],"predecessor-version":[{"id":137,"href":"https:\/\/pv.pekelny.net\/en\/wp-json\/wp\/v2\/pages\/85\/revisions\/137"}],"wp:attachment":[{"href":"https:\/\/pv.pekelny.net\/en\/wp-json\/wp\/v2\/media?parent=85"}],"curies":[{"name":"wp","href":"https:\/\/api.w.org\/{rel}","templated":true}]}}