{"id":20,"date":"2024-02-03T09:16:22","date_gmt":"2024-02-03T09:16:22","guid":{"rendered":"https:\/\/pv.pekelny.net\/?page_id=20"},"modified":"2024-02-26T08:39:30","modified_gmt":"2024-02-26T08:39:30","slug":"domu","status":"publish","type":"page","link":"https:\/\/pv.pekelny.net\/en\/","title":{"rendered":"V\u00edtejte"},"content":{"rendered":"<p>na str\u00e1nk\u00e1ch na\u0161\u00ed guildy Plasmodium Vivax. Na\u0161e po\u010d\u00e1tky s hrou World of Warcraft se datuj\u00ed do za\u010d\u00e1tku roku 2007 na projektu Mystiq.<\/p>\n\n\n\n<p>Jak se p\u0159ipojit do hry?<\/p>\n\n\n\n<p>St\u00e1hn\u011bte <a href=\"https:\/\/www.helios-wow.com\/files\/WoW548_mini.zip\">klienta od TwinStaru<\/a> a postupujte dle <a href=\"https:\/\/www.helios-wow.com\/how-to-connect\/\">n\u00e1vodu<\/a>.<\/p>\n\n\n\n<p><a href=\"https:\/\/mop-shoot.tauri.hu\/\">Tauri-shoot<\/a> <a href=\"https:\/\/www.mop-veins.tk\/\">MoP-Veins<\/a> <a href=\"https:\/\/raidcomp.mmo-champion.com\/\">RaidComp<\/a> <\/p>\n\n\n\n<p><a href=\"https:\/\/twinstar-wow.com\/\">TwinStar hl. web<\/a> <a href=\"https:\/\/forum.twinstar.cz\/\">forum<\/a> <a href=\"https:\/\/discord.com\/invite\/twinstar-wow\">discord<\/a> <a href=\"https:\/\/www.helios-wow.com\/helios-server-statistics\/\">statistiky<\/a> <a href=\"https:\/\/www.helios-wow.com\/news\/\">news<\/a> <\/p>\n\n\n\n<p><a href=\"https:\/\/armory.twinstar-wow.com\/\">TwinStar Armory<\/a><\/p>\n\n\n\n<p><a href=\"https:\/\/manager.twinstar-wow.com\/auth\/login\">Account Manager<\/a><\/p>\n\n\n\n<p><a href=\"https:\/\/mop-twinhead.twinstar.cz\/\">MoP TwinHead<\/a><\/p>\n\n\n\n<p><a href=\"https:\/\/www.helios-wow.com\/quests\/\">seznam quest\u016f a level\u016f jednotliv\u00fdch z\u00f3n<\/a><\/p>\n\n\n\n<p><a href=\"https:\/\/www.helios-wow.com\/submit-suggestion\/\">submit suggestion<\/a><\/p>\n\n\n\n<p><a href=\"https:\/\/armory.twinstar-wow.com\/guild?realm=Helios&amp;name=Plasmodium+Vivax\">achievementy<\/a> <a href=\"https:\/\/mop-twinhead.twinstar.cz\/?guild=Plasmodium+Vivax&amp;realm=Helios\">progress<\/a><\/p>","protected":false},"excerpt":{"rendered":"<p>na str\u00e1nk\u00e1ch na\u0161\u00ed guildy Plasmodium Vivax. Na\u0161e po\u010d\u00e1tky s hrou World of Warcraft se datuj\u00ed do za\u010d\u00e1tku roku 2007 na projektu Mystiq. Jak se p\u0159ipojit do hry? St\u00e1hn\u011bte klienta od TwinStaru a postupujte dle n\u00e1vodu. Tauri-shoot MoP-Veins RaidComp TwinStar hl. web forum discord statistiky news TwinStar Armory Account Manager MoP TwinHead seznam quest\u016f a level\u016f [&hellip;]<\/p>\n","protected":false},"author":2,"featured_media":52,"parent":0,"menu_order":0,"comment_status":"closed","ping_status":"closed","template":"","meta":{"footnotes":""},"class_list":["post-20","page","type-page","status-publish","has-post-thumbnail","hentry"],"_links":{"self":[{"href":"https:\/\/pv.pekelny.net\/en\/wp-json\/wp\/v2\/pages\/20","targetHints":{"allow":["GET"]}}],"collection":[{"href":"https:\/\/pv.pekelny.net\/en\/wp-json\/wp\/v2\/pages"}],"about":[{"href":"https:\/\/pv.pekelny.net\/en\/wp-json\/wp\/v2\/types\/page"}],"author":[{"embeddable":true,"href":"https:\/\/pv.pekelny.net\/en\/wp-json\/wp\/v2\/users\/2"}],"replies":[{"embeddable":true,"href":"https:\/\/pv.pekelny.net\/en\/wp-json\/wp\/v2\/comments?post=20"}],"version-history":[{"count":13,"href":"https:\/\/pv.pekelny.net\/en\/wp-json\/wp\/v2\/pages\/20\/revisions"}],"predecessor-version":[{"id":145,"href":"https:\/\/pv.pekelny.net\/en\/wp-json\/wp\/v2\/pages\/20\/revisions\/145"}],"wp:featuredmedia":[{"embeddable":true,"href":"https:\/\/pv.pekelny.net\/en\/wp-json\/wp\/v2\/media\/52"}],"wp:attachment":[{"href":"https:\/\/pv.pekelny.net\/en\/wp-json\/wp\/v2\/media?parent=20"}],"curies":[{"name":"wp","href":"https:\/\/api.w.org\/{rel}","templated":true}]}}