{"id":2,"date":"2024-02-01T08:50:13","date_gmt":"2024-02-01T08:50:13","guid":{"rendered":"https:\/\/pv.pekelny.net\/?page_id=2"},"modified":"2024-02-18T14:08:48","modified_gmt":"2024-02-18T14:08:48","slug":"rules","status":"publish","type":"page","link":"https:\/\/pv.pekelny.net\/en\/rules\/","title":{"rendered":"Pravidla"},"content":{"rendered":"<p>m\u00e1me jen jedin\u00e9 pravidlo: <strong>Chovejte se slu\u0161n\u011b!<\/strong> &#8230;v guild\u011b i mimo ni.<\/p>\n\n\n\n<p>&#8230; a n\u011bkolik doporu\u010den\u00ed:<\/p>\n\n\n\n<ul class=\"wp-block-list\">\n<li>Va\u017ete si \u010dasu ostatn\u00edch.<\/li>\n\n\n\n<li>M\u00e1te \u0161patnou n\u00e1ladu? Nep\u0159en\u00e1\u0161ejte ji.<\/li>\n\n\n\n<li>M\u00e1te dobrou n\u00e1ladu? Pod\u011blte se o ni.<\/li>\n\n\n\n<li>Hlavn\u00edm \u00fa\u010delem guildy je vz\u00e1jemn\u00e1 spolupr\u00e1ce hr\u00e1\u010d\u016f. Sna\u017ete se v\u017edy pomoci ostatn\u00edm, skl\u00e1dat skupiny do PvP a PvE instanc\u00ed v guild\u011b a pokud m\u00e1te ty mo\u017enosti, vyr\u00e1b\u011bjte ostatn\u00edm bez p\u0159ir\u00e1\u017eky a nepot\u0159ebn\u00e9 v\u011bci dejte pro ostatn\u00ed do guild banky. Dodr\u017eujte <a href=\"https:\/\/www.helios-wow.com\/general-rules\/\">pravidla TwinStaru<\/a>.<\/li>\n\n\n\n<li>Chcete se \u00fa\u010dastnit guildovn\u00edch raid\u016f? P\u0159e\u010dt\u011bte si pravidla n\u00ed\u017ee a za\u0159i\u010fte se podle nich, pak napi\u0161te veden\u00ed nebo rovnou jednotliv\u00fdch vedouc\u00edm (RL). P\u0159ihl\u00e1sit na raid se lze p\u0159\u00edmo ve h\u0159e v kalend\u00e1\u0159i.<\/li>\n\n\n\n<li>Limit na guildu je bohu\u017eel max. 1000 postav. P\u0159i del\u0161\u00ed neaktivit\u011b (nelognete postavu d\u00e9le ne\u017e m\u011bs\u00edc, nad rank Clostridium 3 m\u011bs\u00edce) m\u016f\u017eete b\u00fdt vyhozeni z guildy. To plat\u00ed zejm\u00e9na pro postavy, kter\u00e9 se ne\u00fa\u010dastn\u00ed guildovn\u00edho \u017eivota (raidy, PvP, &#8230;). Pl\u00e1nujete-li del\u0161\u00ed nep\u0159\u00edtomnost, dejte v\u011bd\u011bt veden\u00ed.<\/li>\n\n\n\n<li>Jste zde s n\u011b\u010d\u00edm nespokojen\u00ed nebo naopak m\u00e1te n\u00e1vrh na n\u011bjak\u00e9 zlep\u0161en\u00ed? Dejte o tom v\u011bd\u011bt veden\u00ed. Pokus\u00edme se to v r\u00e1mci sv\u00fdch mo\u017enost\u00ed vy\u0159e\u0161it.<\/li>\n\n\n\n<li>Nel\u00edb\u00ed se V\u00e1m u n\u00e1s? V\u017edy se m\u016f\u017eete poohl\u00e9dnout po jin\u00e9 guild\u011b&#8230;<\/li>\n<\/ul>\n\n\n\n<p>Na RAID bereme ka\u017ed\u00e9ho, kdo:<\/p>\n\n\n\n<ol class=\"wp-block-list\">\n<li>dodr\u017euje obecn\u00e1 pravidla a m\u00e1 funk\u010dn\u00ed Discord (alespo\u0148 na poslech)<\/li>\n\n\n\n<li>m\u00e1 dostate\u010dn\u00fd equip (avg item level pro vstup)<\/li>\n\n\n\n<li>m\u00e1 v po\u0159\u00e1dku vybaven\u00ed (enchanty, gemy, z\u00e1platy, &#8230;)<\/li>\n\n\n\n<li>chod\u00ed p\u0159ipraven (m\u00e1 vlastn\u00ed potky, fla\u0161ky, j\u00eddlo, &#8230;)<\/li>\n\n\n\n<li>zn\u00e1 taktiky (alespo\u0148 z\u00e1klad, m\u00e1 dole content na LFR)<\/li>\n\n\n\n<li>se p\u0159ihl\u00e1sil v\u010das (lid\u00e9 p\u0159ihl\u00e1\u0161en\u00ed d\u0159\u00edve mohou m\u00edt p\u0159ednost)<\/li>\n<\/ol>\n\n\n\n<p>Na RAIDu plat\u00ed:<\/p>\n\n\n\n<ul class=\"wp-block-list\">\n<li>prvn\u00ed a posledn\u00ed slovo m\u00e1 RL (raid leader), respektujte jeho slova!<\/li>\n\n\n\n<li>poslouchejte co se d\u011bje a reagujte v\u010das<\/li>\n\n\n\n<li>nejste-li si jisti taktikou, zeptejte se ostatn\u00edch<\/li>\n\n\n\n<li>m\u011bjte dostatek konzuma\u010dek (potky, flasky, j\u00eddlo) na celou dobu trv\u00e1n\u00ed raidu v\u010detn\u011b vybaven\u00ed pro sv\u016fj off-spec<\/li>\n\n\n\n<li>kdy\u017e je vyhl\u00e1\u0161ena pauza (j\u00eddlo, wc, cig\u00e1rko,&#8230;), vyu\u017eijte ji!<\/li>\n\n\n\n<li>na loot klik\u00e1me na &#8222;Need&#8220; pouze pro sv\u016fj prim\u00e1rn\u00ed spec. (tzn. jsem-li na raidu jako plate dps, needuji pouze plate dps v\u011bci), na zbytek &#8222;Greed&#8220; nebo dle domluvy (RL m\u016f\u017ee z\u00e1vest i jin\u00fd syst\u00e9m lootov\u00e1n\u00ed &#8211; DKP, ML, atp.). Rozhodn\u011b neneedujeme recepty, truhli\u010dky, BoE apod.<\/li>\n<\/ul>","protected":false},"excerpt":{"rendered":"<p>m\u00e1me jen jedin\u00e9 pravidlo: Chovejte se slu\u0161n\u011b! &#8230;v guild\u011b i mimo ni. &#8230; a n\u011bkolik doporu\u010den\u00ed: Na RAID bereme ka\u017ed\u00e9ho, kdo: Na RAIDu plat\u00ed:<\/p>","protected":false},"author":1,"featured_media":0,"parent":0,"menu_order":0,"comment_status":"open","ping_status":"open","template":"","meta":{"footnotes":"[]"},"class_list":["post-2","page","type-page","status-publish","hentry"],"_links":{"self":[{"href":"https:\/\/pv.pekelny.net\/en\/wp-json\/wp\/v2\/pages\/2","targetHints":{"allow":["GET"]}}],"collection":[{"href":"https:\/\/pv.pekelny.net\/en\/wp-json\/wp\/v2\/pages"}],"about":[{"href":"https:\/\/pv.pekelny.net\/en\/wp-json\/wp\/v2\/types\/page"}],"author":[{"embeddable":true,"href":"https:\/\/pv.pekelny.net\/en\/wp-json\/wp\/v2\/users\/1"}],"replies":[{"embeddable":true,"href":"https:\/\/pv.pekelny.net\/en\/wp-json\/wp\/v2\/comments?post=2"}],"version-history":[{"count":10,"href":"https:\/\/pv.pekelny.net\/en\/wp-json\/wp\/v2\/pages\/2\/revisions"}],"predecessor-version":[{"id":119,"href":"https:\/\/pv.pekelny.net\/en\/wp-json\/wp\/v2\/pages\/2\/revisions\/119"}],"wp:attachment":[{"href":"https:\/\/pv.pekelny.net\/en\/wp-json\/wp\/v2\/media?parent=2"}],"curies":[{"name":"wp","href":"https:\/\/api.w.org\/{rel}","templated":true}]}}