{"id":102,"date":"2024-02-18T12:32:01","date_gmt":"2024-02-18T12:32:01","guid":{"rendered":"https:\/\/pv.pekelny.net\/?page_id=102"},"modified":"2024-02-19T16:56:46","modified_gmt":"2024-02-19T16:56:46","slug":"content","status":"publish","type":"page","link":"https:\/\/pv.pekelny.net\/en\/content\/","title":{"rendered":"Content"},"content":{"rendered":"<p><\/p>\n\n\n\n<p>Raidy<\/p>\n\n\n\n<p>Terrace of Endless Spring<\/p>\n\n\n\n<p>Heart of Fear<\/p>\n\n\n\n<p>Mogu&#8217;shan Vaults<\/p>\n\n\n\n<p>Mogu&#8217;shan Vaults najdete na vrcholu Kun-Lai na severn\u00edm konci a vlevo od Chr\u00e1mu b\u00edl\u00e9ho tygra. Nach\u00e1z\u00ed se na sou\u0159adnic\u00edch 59.7, 39. Na map\u011b hledejte n\u00e1pis &#8222;Mogu&#8217;shan Terrace&#8220;.<\/p>\n\n\n\n<p>Mogu&#8217;shan Vaults can be found in <a href=\"https:\/\/www.wowhead.com\/kun-lai-summit\">Kun-Lai Summit<\/a> towards the northern end and left of the Temple of the White Tiger. It is located at coordinates 59.7, 39. Look for &#8222;Mogu&#8217;shan Terrace&#8220; on the map.<\/p>\n\n\n\n<h2 class=\"wp-block-heading\">Buffs<\/h2>\n\n\n\n<ul class=\"wp-block-list\">\n<li><strong>+10% Attack Power<\/strong>\n<ul class=\"wp-block-list\">\n<li><strong>Death Knights<\/strong>:&nbsp;<a href=\"http:\/\/static.icy-veins.com\/forum-links\/icons\/inv_misc_horn_02.jpg\"><\/a><a href=\"http:\/\/mop.wowhead.com\/spell=57330\" rel=\"noreferrer noopener\" target=\"_blank\">Horn of Winter<\/a>&nbsp;(lasts 5 minutes)<\/li>\n\n\n\n<li><strong>Hunters<\/strong>:&nbsp;<a href=\"http:\/\/static.icy-veins.com\/forum-links\/icons\/ability_trueshot.jpg\"><\/a><a href=\"http:\/\/mop.wowhead.com\/spell=19506\" rel=\"noreferrer noopener\" target=\"_blank\">Trueshot Aura<\/a>&nbsp;(no duration)<\/li>\n\n\n\n<li><strong>Warriors<\/strong>:&nbsp;<a href=\"http:\/\/static.icy-veins.com\/forum-links\/icons\/ability_warrior_battleshout.jpg\"><\/a><a href=\"http:\/\/mop.wowhead.com\/spell=6673\" rel=\"noreferrer noopener\" target=\"_blank\">Battle Shout<\/a>&nbsp;(lasts 5 minutes, mutually exclusive with&nbsp;<a href=\"http:\/\/static.icy-veins.com\/forum-links\/icons\/ability_warrior_rallyingcry.jpg\"><\/a><a href=\"http:\/\/mop.wowhead.com\/spell=469\" rel=\"noreferrer noopener\" target=\"_blank\">Commanding Shout<\/a>)<\/li>\n<\/ul>\n<\/li>\n\n\n\n<li><strong>+10% Melee and Ranged Attack Speed<\/strong>\n<ul class=\"wp-block-list\">\n<li><strong>Frost and Unholy Death Knights<\/strong>:&nbsp;<a href=\"http:\/\/static.icy-veins.com\/forum-links\/icons\/inv_helmet_08.jpg\"><\/a><a href=\"http:\/\/mop.wowhead.com\/spell=55610\" rel=\"noreferrer noopener\" target=\"_blank\">Unholy Aura<\/a><\/li>\n\n\n\n<li><strong>Hyena Pets<\/strong>:&nbsp;<a href=\"http:\/\/static.icy-veins.com\/forum-links\/icons\/ability_hunter_pet_hyena.jpg\"><\/a><a href=\"http:\/\/mop.wowhead.com\/spell=128432\" rel=\"noreferrer noopener\" target=\"_blank\">Cackling Howl<\/a><\/li>\n\n\n\n<li><strong>Serpent Pets<\/strong>:&nbsp;<a href=\"http:\/\/static.icy-veins.com\/forum-links\/icons\/ability_hunter_serpentswiftness.jpg\"><\/a><a href=\"http:\/\/mop.wowhead.com\/spell=128433\" rel=\"noreferrer noopener\" target=\"_blank\">Serpent&#8217;s Swiftness<\/a><\/li>\n\n\n\n<li><strong>Rogues<\/strong>:&nbsp;<a href=\"http:\/\/static.icy-veins.com\/forum-links\/icons\/ability_rogue_disembowel.jpg\"><\/a><a href=\"http:\/\/mop.wowhead.com\/spell=113742\" rel=\"noreferrer noopener\" target=\"_blank\">Swiftblade&#8217;s Cunning<\/a><\/li>\n\n\n\n<li><strong>Enhancement Shamans<\/strong>:&nbsp;<a href=\"http:\/\/static.icy-veins.com\/forum-links\/icons\/spell_nature_unleashedrage.jpg\"><\/a><a href=\"http:\/\/mop.wowhead.com\/spell=30809\" rel=\"noreferrer noopener\" target=\"_blank\">Unleashed Rage<\/a><\/li>\n<\/ul>\n<\/li>\n\n\n\n<li><strong>+10% Spell Power<\/strong>\n<ul class=\"wp-block-list\">\n<li><strong>Exotic Water Strider Pets<\/strong>:&nbsp;<a href=\"http:\/\/static.icy-veins.com\/forum-links\/icons\/inv_elemental_mote_water01.jpg\"><\/a><a href=\"http:\/\/www.wowhead.com\/spell=126309\" rel=\"noreferrer noopener\" target=\"_blank\">Still Water<\/a><\/li>\n\n\n\n<li><strong>Mages<\/strong>:&nbsp;<a href=\"http:\/\/static.icy-veins.com\/forum-links\/icons\/spell_holy_magicalsentry.jpg\"><\/a><a href=\"http:\/\/mop.wowhead.com\/spell=1459\" rel=\"noreferrer noopener\" target=\"_blank\">Arcane Brilliance<\/a><\/li>\n\n\n\n<li><strong>Shamans<\/strong>:&nbsp;<a href=\"http:\/\/static.icy-veins.com\/forum-links\/icons\/spell_fire_totemofwrath.jpg\"><\/a><a href=\"http:\/\/mop.wowhead.com\/spell=77747\" rel=\"noreferrer noopener\" target=\"_blank\">Burning Wrath<\/a><\/li>\n\n\n\n<li><strong>Warlocks<\/strong>:&nbsp;<a href=\"http:\/\/static.icy-veins.com\/forum-links\/icons\/spell_warlock_focusshadow.jpg\"><\/a><a href=\"http:\/\/mop.wowhead.com\/spell=109773\" rel=\"noreferrer noopener\" target=\"_blank\">Dark Intent<\/a><\/li>\n<\/ul>\n<\/li>\n\n\n\n<li><strong>+5% Spell Haste<\/strong>\n<ul class=\"wp-block-list\">\n<li><strong>Balance Druids<\/strong>:&nbsp;<a href=\"http:\/\/static.icy-veins.com\/forum-links\/icons\/spell_nature_moonglow.jpg\"><\/a><a href=\"http:\/\/mop.wowhead.com\/spell=24907\" rel=\"noreferrer noopener\" target=\"_blank\">Moonkin Aura<\/a><\/li>\n\n\n\n<li><strong>Sporebat Pets<\/strong>:&nbsp;<a href=\"http:\/\/static.icy-veins.com\/forum-links\/icons\/spell_shadow_spectralsight.jpg\"><\/a><a href=\"http:\/\/mop.wowhead.com\/spell=49868\" rel=\"noreferrer noopener\" target=\"_blank\">Mind Quickening<\/a><\/li>\n\n\n\n<li><strong>Shadow Priests<\/strong>:&nbsp;<a href=\"http:\/\/static.icy-veins.com\/forum-links\/icons\/spell_shadow_shadowform.jpg\"><\/a><a href=\"http:\/\/mop.wowhead.com\/spell=15473\" rel=\"noreferrer noopener\" target=\"_blank\">Shadowform<\/a><\/li>\n\n\n\n<li><strong>Elemental Shamans<\/strong>:&nbsp;<a href=\"http:\/\/static.icy-veins.com\/forum-links\/icons\/spell_shaman_elementaloath.jpg\"><\/a><a href=\"http:\/\/mop.wowhead.com\/spell=51470\" rel=\"noreferrer noopener\" target=\"_blank\">Elemental Oath<\/a><\/li>\n<\/ul>\n<\/li>\n\n\n\n<li><strong>+5% Critical Strike Chance<\/strong>\n<ul class=\"wp-block-list\">\n<li><strong>Feral\/Guardian Druids<\/strong>:&nbsp;<a href=\"http:\/\/static.icy-veins.com\/forum-links\/icons\/spell_nature_unyeildingstamina.jpg\"><\/a><a href=\"http:\/\/mop.wowhead.com\/spell=17007\" rel=\"noreferrer noopener\" target=\"_blank\">Leader of the Pack<\/a><\/li>\n\n\n\n<li><strong>Exotic Devilsaur Pets<\/strong>:&nbsp;<a href=\"http:\/\/static.icy-veins.com\/forum-links\/icons\/ability_hunter_pet_devilsaur.jpg\"><\/a><a href=\"http:\/\/mop.wowhead.com\/spell=90309\" rel=\"noreferrer noopener\" target=\"_blank\">Terrifying Roar<\/a><\/li>\n\n\n\n<li><strong>Exotic Water Strider Pets<\/strong>:&nbsp;<a href=\"http:\/\/static.icy-veins.com\/forum-links\/icons\/inv_elemental_mote_water01.jpg\"><\/a><a href=\"http:\/\/www.wowhead.com\/spell=126309\" rel=\"noreferrer noopener\" target=\"_blank\">Still Water<\/a><\/li>\n\n\n\n<li><strong>Wolf Pets<\/strong>:&nbsp;<a href=\"http:\/\/static.icy-veins.com\/forum-links\/icons\/ability_hunter_pet_wolf.jpg\"><\/a><a href=\"http:\/\/mop.wowhead.com\/spell=24604\" rel=\"noreferrer noopener\" target=\"_blank\">Furious Howl<\/a><\/li>\n\n\n\n<li><strong>Mages<\/strong>:&nbsp;<a href=\"http:\/\/static.icy-veins.com\/forum-links\/icons\/spell_holy_magicalsentry.jpg\"><\/a><a href=\"http:\/\/mop.wowhead.com\/spell=1459\" rel=\"noreferrer noopener\" target=\"_blank\">Arcane Brilliance<\/a><\/li>\n\n\n\n<li><strong>Windwalker Monks<\/strong>:&nbsp;<a href=\"http:\/\/static.icy-veins.com\/forum-links\/icons\/ability_monk_prideofthetiger.jpg\"><\/a><a href=\"http:\/\/mop.wowhead.com\/spell=116781\" rel=\"noreferrer noopener\" target=\"_blank\">Legacy of the White Tiger<\/a><\/li>\n<\/ul>\n<\/li>\n\n\n\n<li><strong>+3000 Mastery Rating<\/strong>\n<ul class=\"wp-block-list\">\n<li><strong>Cat Pets<\/strong>:&nbsp;<a href=\"http:\/\/static.icy-veins.com\/forum-links\/icons\/ability_hunter_catlikereflexes.jpg\"><\/a><a href=\"http:\/\/mop.wowhead.com\/spell=93435\" rel=\"noreferrer noopener\" target=\"_blank\">Roar of Courage<\/a><\/li>\n\n\n\n<li><strong>Exotic Spirit Beast Pets<\/strong>:&nbsp;<a href=\"http:\/\/static.icy-veins.com\/forum-links\/icons\/inv_pet_celestialdragon.jpg\"><\/a><a href=\"http:\/\/mop.wowhead.com\/spell=128997\" rel=\"noreferrer noopener\" target=\"_blank\">Spirit Beast Blessing<\/a><\/li>\n\n\n\n<li><strong>Paladins<\/strong>:&nbsp;<a href=\"http:\/\/static.icy-veins.com\/forum-links\/icons\/spell_holy_greaterblessingofkings.jpg\"><\/a><a href=\"http:\/\/mop.wowhead.com\/spell=19740\" rel=\"noreferrer noopener\" target=\"_blank\">Blessing of Might<\/a><\/li>\n\n\n\n<li><strong>Shamans<\/strong>:&nbsp;<a href=\"http:\/\/static.icy-veins.com\/forum-links\/icons\/spell_nature_invisibilitytotem.jpg\"><\/a><a href=\"http:\/\/mop.wowhead.com\/spell=116956\" rel=\"noreferrer noopener\" target=\"_blank\">Grace of Air<\/a><\/li>\n<\/ul>\n<\/li>\n\n\n\n<li><strong>+5% Strength, Agility, Intellect<\/strong>\n<ul class=\"wp-block-list\">\n<li><strong>Druids<\/strong>:&nbsp;<a href=\"http:\/\/static.icy-veins.com\/forum-links\/icons\/spell_nature_regeneration.jpg\"><\/a><a href=\"http:\/\/mop.wowhead.com\/spell=1126\" rel=\"noreferrer noopener\" target=\"_blank\">Mark of the Wild<\/a><\/li>\n\n\n\n<li><strong>Exotic Shale Spider Pets<\/strong>:&nbsp;<a href=\"http:\/\/static.icy-veins.com\/forum-links\/icons\/ability_hunter_pet_spider.jpg\"><\/a><a href=\"http:\/\/mop.wowhead.com\/spell=90363\" rel=\"noreferrer noopener\" target=\"_blank\">Embrace of the Shale Spider<\/a><\/li>\n\n\n\n<li><strong>Monks<\/strong>:&nbsp;<a href=\"http:\/\/static.icy-veins.com\/forum-links\/icons\/ability_monk_legacyoftheemperor.jpg\"><\/a><a href=\"http:\/\/mop.wowhead.com\/spell=115921\" rel=\"noreferrer noopener\" target=\"_blank\">Legacy of the Emperor<\/a><\/li>\n\n\n\n<li><strong>Paladins<\/strong>:&nbsp;<a href=\"http:\/\/static.icy-veins.com\/forum-links\/icons\/spell_magic_greaterblessingofkings.jpg\"><\/a><a href=\"http:\/\/mop.wowhead.com\/spell=20217\" rel=\"noreferrer noopener\" target=\"_blank\">Blessing of Kings<\/a><\/li>\n<\/ul>\n<\/li>\n\n\n\n<li><strong>+10% Stamina<\/strong>\n<ul class=\"wp-block-list\">\n<li><strong>Exotic Silithid Pets<\/strong>:&nbsp;<a href=\"http:\/\/static.icy-veins.com\/forum-links\/icons\/ability_hunter_pet_silithid.jpg\"><\/a><a href=\"http:\/\/mop.wowhead.com\/spell=90364\" rel=\"noreferrer noopener\" target=\"_blank\">Qiraji Fortitude<\/a><\/li>\n\n\n\n<li><strong>Priests<\/strong>:&nbsp;<a href=\"http:\/\/static.icy-veins.com\/forum-links\/icons\/spell_holy_wordfortitude.jpg\"><\/a><a href=\"http:\/\/mop.wowhead.com\/spell=21562\" rel=\"noreferrer noopener\" target=\"_blank\">Power Word: Fortitude<\/a>&nbsp;(lasts 1 hour)<\/li>\n\n\n\n<li><strong>Warlocks<\/strong>:&nbsp;<a href=\"http:\/\/static.icy-veins.com\/forum-links\/icons\/spell_warlock_focusshadow.jpg\"><\/a><a href=\"http:\/\/mop.wowhead.com\/spell=109773\" rel=\"noreferrer noopener\" target=\"_blank\">Dark Intent<\/a><\/li>\n\n\n\n<li><strong>Warriors<\/strong>:&nbsp;<a href=\"http:\/\/static.icy-veins.com\/forum-links\/icons\/ability_warrior_rallyingcry.jpg\"><\/a><a href=\"http:\/\/mop.wowhead.com\/spell=469\" rel=\"noreferrer noopener\" target=\"_blank\">Commanding Shout<\/a>&nbsp;(lasts 5 minutes, mutually exclusive with&nbsp;<a href=\"http:\/\/static.icy-veins.com\/forum-links\/icons\/ability_warrior_battleshout.jpg\"><\/a><a href=\"http:\/\/mop.wowhead.com\/spell=6673\" rel=\"noreferrer noopener\" target=\"_blank\">Battle Shout<\/a>)<\/li>\n<\/ul>\n<\/li>\n<\/ul>\n\n\n\n<h2 class=\"wp-block-heading\">Debuffs<\/h2>\n\n\n\n<ul class=\"wp-block-list\">\n<li><strong>-10% Physical damage dealt for 30 seconds<\/strong>&nbsp;(<a href=\"http:\/\/static.icy-veins.com\/forum-links\/icons\/ability_warrior_warcry.jpg\"><\/a><a href=\"http:\/\/mop.wowhead.com\/spell=115798\" rel=\"noreferrer noopener\" target=\"_blank\">Weakened Blows<\/a>)\n<ul class=\"wp-block-list\">\n<li><strong>Blood Death Knights<\/strong>:&nbsp;<a href=\"http:\/\/static.icy-veins.com\/forum-links\/icons\/ability_rogue_vendetta.jpg\"><\/a><a href=\"http:\/\/mop.wowhead.com\/spell=81132\" rel=\"noreferrer noopener\" target=\"_blank\">Scarlet Fever<\/a><\/li>\n\n\n\n<li><strong>Feral\/Guardian Druids<\/strong>:&nbsp;<a href=\"http:\/\/static.icy-veins.com\/forum-links\/icons\/spell_druid_thrash.jpg\"><\/a><a href=\"http:\/\/mop.wowhead.com\/spell=106830\" rel=\"noreferrer noopener\" target=\"_blank\">Thrash<\/a>\/<a href=\"http:\/\/static.icy-veins.com\/forum-links\/icons\/spell_druid_thrash.jpg\"><\/a><a href=\"http:\/\/mop.wowhead.com\/spell=77758\" rel=\"noreferrer noopener\" target=\"_blank\">Thrash<\/a><\/li>\n\n\n\n<li><strong>Bear Pets<\/strong>:&nbsp;<a href=\"http:\/\/static.icy-veins.com\/forum-links\/icons\/ability_druid_demoralizingroar.jpg\"><\/a><a href=\"http:\/\/mop.wowhead.com\/spell=50256\" rel=\"noreferrer noopener\" target=\"_blank\">Demoralizing Roar<\/a><\/li>\n\n\n\n<li><strong>Carrion Bird Pets<\/strong>:&nbsp;<a href=\"http:\/\/static.icy-veins.com\/forum-links\/icons\/ability_hunter_pet_vulture.jpg\"><\/a><a href=\"http:\/\/mop.wowhead.com\/spell=24423\" rel=\"noreferrer noopener\" target=\"_blank\">Demoralizing Screech<\/a><\/li>\n\n\n\n<li><strong>Brewmaster Monks<\/strong>:&nbsp;<a href=\"http:\/\/static.icy-veins.com\/forum-links\/icons\/achievement_brewery_2.jpg\"><\/a><a href=\"http:\/\/mop.wowhead.com\/spell=121253\" rel=\"noreferrer noopener\" target=\"_blank\">Keg Smash<\/a><\/li>\n\n\n\n<li><strong>Protection\/Retribution Paladins<\/strong>:&nbsp;<a href=\"http:\/\/static.icy-veins.com\/forum-links\/icons\/ability_paladin_hammeroftherighteous.jpg\"><\/a><a href=\"http:\/\/mop.wowhead.com\/spell=53595\" rel=\"noreferrer noopener\" target=\"_blank\">Hammer of the Righteous<\/a><\/li>\n\n\n\n<li><strong>Elemental\/Enhancement<\/strong>:&nbsp;<a href=\"http:\/\/static.icy-veins.com\/forum-links\/icons\/spell_nature_earthshock.jpg\"><\/a><a href=\"http:\/\/mop.wowhead.com\/spell=8042\" rel=\"noreferrer noopener\" target=\"_blank\">Earth Shock<\/a><\/li>\n\n\n\n<li><strong>Warlocks<\/strong>:&nbsp;<a href=\"http:\/\/static.icy-veins.com\/forum-links\/icons\/warlock_curse_weakness.jpg\"><\/a><a href=\"http:\/\/mop.wowhead.com\/spell=109466\" rel=\"noreferrer noopener\" target=\"_blank\">Curse of Enfeeblement<\/a><\/li>\n\n\n\n<li><strong>Warriors<\/strong>:&nbsp;<a href=\"http:\/\/static.icy-veins.com\/forum-links\/icons\/spell_nature_thunderclap.jpg\"><\/a><a href=\"http:\/\/mop.wowhead.com\/spell=6343\" rel=\"noreferrer noopener\" target=\"_blank\">Thunder Clap<\/a><\/li>\n<\/ul>\n<\/li>\n\n\n\n<li><strong>+4% Physical damage taken for 30 seconds<\/strong>&nbsp;(<a href=\"http:\/\/static.icy-veins.com\/forum-links\/icons\/ability_deathknight_brittlebones.jpg\"><\/a><a href=\"http:\/\/mop.wowhead.com\/spell=81326\" rel=\"noreferrer noopener\" target=\"_blank\">Physical Vulnerability<\/a>)\n<ul class=\"wp-block-list\">\n<li><strong>Frost\/Unholy Death Knights<\/strong>:&nbsp;<a href=\"http:\/\/static.icy-veins.com\/forum-links\/icons\/ability_deathknight_brittlebones.jpg\"><\/a><a href=\"http:\/\/mop.wowhead.com\/spell=81328\" rel=\"noreferrer noopener\" target=\"_blank\">Brittle Bones<\/a>\/<a href=\"http:\/\/static.icy-veins.com\/forum-links\/icons\/ability_creature_cursed_03.jpg\"><\/a><a href=\"http:\/\/mop.wowhead.com\/spell=51160\" rel=\"noreferrer noopener\" target=\"_blank\">Ebon Plaguebringer<\/a><\/li>\n\n\n\n<li><strong>Boar Pets<\/strong>:&nbsp;<a href=\"http:\/\/static.icy-veins.com\/forum-links\/icons\/ability_hunter_pet_boar.jpg\"><\/a><a href=\"http:\/\/mop.wowhead.com\/spell=35290\" rel=\"noreferrer noopener\" target=\"_blank\">Gore<\/a><\/li>\n\n\n\n<li><strong>Exotic Rhino Pets<\/strong>:&nbsp;<a href=\"http:\/\/static.icy-veins.com\/forum-links\/icons\/spell_shaman_astralshift.jpg\"><\/a><a href=\"http:\/\/mop.wowhead.com\/spell=57386\" rel=\"noreferrer noopener\" target=\"_blank\">Stampede<\/a><\/li>\n\n\n\n<li><strong>Exotic Worm Pets<\/strong>:&nbsp;<a href=\"http:\/\/static.icy-veins.com\/forum-links\/icons\/spell_nature_acid_01.jpg\"><\/a><a href=\"http:\/\/mop.wowhead.com\/spell=55749\" rel=\"noreferrer noopener\" target=\"_blank\">Acid Spit<\/a><\/li>\n\n\n\n<li><strong>Ravager Pets<\/strong>:&nbsp;<a href=\"http:\/\/static.icy-veins.com\/forum-links\/icons\/ability_druid_primaltenacity.jpg\"><\/a><a href=\"http:\/\/mop.wowhead.com\/spell=50518\" rel=\"noreferrer noopener\" target=\"_blank\">Ravage<\/a><\/li>\n\n\n\n<li><strong>Retribution Paladins<\/strong>:&nbsp;<a href=\"http:\/\/static.icy-veins.com\/forum-links\/icons\/ability_paladin_judgementred.jpg\"><\/a><a href=\"http:\/\/mop.wowhead.com\/spell=111529\" rel=\"noreferrer noopener\" target=\"_blank\">Judgments of the Bold<\/a><\/li>\n\n\n\n<li><strong>Arms\/Fury Warriors<\/strong>:&nbsp;<a href=\"http:\/\/static.icy-veins.com\/forum-links\/icons\/ability_warrior_colossussmash.jpg\"><\/a><a href=\"http:\/\/mop.wowhead.com\/spell=86346\" rel=\"noreferrer noopener\" target=\"_blank\">Colossus Smash<\/a><\/li>\n<\/ul>\n<\/li>\n\n\n\n<li><strong>-4% Armor for 30 seconds, stacks 3 times<\/strong>&nbsp;(<a href=\"http:\/\/static.icy-veins.com\/forum-links\/icons\/ability_warrior_sunder.jpg\"><\/a><a href=\"http:\/\/mop.wowhead.com\/spell=113746\" rel=\"noreferrer noopener\" target=\"_blank\">Weakened Armor<\/a>)\n<ul class=\"wp-block-list\">\n<li><strong>Druids<\/strong>:&nbsp;<a href=\"http:\/\/static.icy-veins.com\/forum-links\/icons\/spell_nature_faeriefire.jpg\"><\/a><a href=\"http:\/\/mop.wowhead.com\/spell=770\" rel=\"noreferrer noopener\" target=\"_blank\">Faerie Fire<\/a><\/li>\n\n\n\n<li><strong>Raptor Pets<\/strong>:&nbsp;<a href=\"http:\/\/static.icy-veins.com\/forum-links\/icons\/ability_gouge.jpg\"><\/a><a href=\"http:\/\/mop.wowhead.com\/spell=50498\" rel=\"noreferrer noopener\" target=\"_blank\">Tear Armor<\/a><\/li>\n\n\n\n<li><strong>Tallstrider Pets<\/strong>:&nbsp;<a href=\"http:\/\/static.icy-veins.com\/forum-links\/icons\/ability_hibernation.jpg\"><\/a><a href=\"http:\/\/mop.wowhead.com\/spell=50285\" rel=\"noreferrer noopener\" target=\"_blank\">Dust Cloud<\/a><\/li>\n\n\n\n<li><strong>Rogues<\/strong>:&nbsp;<a href=\"http:\/\/static.icy-veins.com\/forum-links\/icons\/ability_warrior_riposte.jpg\"><\/a><a href=\"http:\/\/mop.wowhead.com\/spell=8647\" rel=\"noreferrer noopener\" target=\"_blank\">Expose Armor<\/a><\/li>\n\n\n\n<li><strong>Warriors<\/strong>:&nbsp;<a href=\"http:\/\/static.icy-veins.com\/forum-links\/icons\/ability_warrior_sunder.jpg\"><\/a><a href=\"http:\/\/mop.wowhead.com\/spell=7386\" rel=\"noreferrer noopener\" target=\"_blank\">Sunder Armor<\/a>&nbsp;for Arms\/Fury Warriors and&nbsp;<a href=\"http:\/\/static.icy-veins.com\/forum-links\/icons\/inv_sword_11.jpg\"><\/a><a href=\"http:\/\/mop.wowhead.com\/spell=20243\" rel=\"noreferrer noopener\" target=\"_blank\">Devastate<\/a>&nbsp;for Protection Warriors<\/li>\n<\/ul>\n<\/li>\n\n\n\n<li><strong>+5% Spell damage taken<\/strong>\n<ul class=\"wp-block-list\">\n<li><strong>Dragonhawk Pets<\/strong>:&nbsp;<a href=\"http:\/\/static.icy-veins.com\/forum-links\/icons\/spell_fire_burnout.jpg\"><\/a><a href=\"http:\/\/mop.wowhead.com\/spell=34889\" rel=\"noreferrer noopener\" target=\"_blank\">Fire Breath<\/a><\/li>\n\n\n\n<li><strong>Wind Serpent Pets<\/strong>:&nbsp;<a href=\"http:\/\/static.icy-veins.com\/forum-links\/icons\/spell_nature_lightning.jpg\"><\/a><a href=\"http:\/\/mop.wowhead.com\/spell=24844\" rel=\"noreferrer noopener\" target=\"_blank\">Lightning Breath<\/a><\/li>\n\n\n\n<li><strong>Rogues<\/strong>:&nbsp;<a href=\"http:\/\/static.icy-veins.com\/forum-links\/icons\/ability_creature_poison_06.jpg\"><\/a><a href=\"http:\/\/mop.wowhead.com\/spell=58410\" rel=\"noreferrer noopener\" target=\"_blank\">Master Poisoner<\/a><\/li>\n\n\n\n<li><strong>Warlocks<\/strong>:&nbsp;<a href=\"http:\/\/static.icy-veins.com\/forum-links\/icons\/warlock_curse_shadow.jpg\"><\/a><a href=\"http:\/\/mop.wowhead.com\/spell=1490\" rel=\"noreferrer noopener\" target=\"_blank\">Curse of the Elements<\/a><\/li>\n<\/ul>\n<\/li>\n\n\n\n<li><strong>Healing reduction<\/strong>&nbsp;(<a href=\"http:\/\/static.icy-veins.com\/forum-links\/icons\/ability_criticalstrike.jpg\"><\/a><a href=\"http:\/\/mop.wowhead.com\/spell=115804\" rel=\"noreferrer noopener\" target=\"_blank\">Mortal Wounds<\/a>)\n<ul class=\"wp-block-list\">\n<li><strong>Hunters<\/strong>:&nbsp;<a href=\"http:\/\/static.icy-veins.com\/forum-links\/icons\/ability_hunter_potentvenom.jpg\"><\/a><a href=\"http:\/\/mop.wowhead.com\/spell=82654\" rel=\"noreferrer noopener\" target=\"_blank\">Widow Venom<\/a><\/li>\n\n\n\n<li><strong>Exotic Devilsaur Pets<\/strong>:&nbsp;<a href=\"http:\/\/static.icy-veins.com\/forum-links\/icons\/inv_misc_bone_09.jpg\"><\/a><a href=\"http:\/\/mop.wowhead.com\/spell=54680\" rel=\"noreferrer noopener\" target=\"_blank\">Monstrous Bite<\/a><\/li>\n\n\n\n<li><strong>Windwalker Monks<\/strong>:&nbsp;<a href=\"http:\/\/static.icy-veins.com\/forum-links\/icons\/ability_monk_risingsunkick.jpg\"><\/a><a href=\"http:\/\/mop.wowhead.com\/spell=107428\" rel=\"noreferrer noopener\" target=\"_blank\">Rising Sun Kick<\/a><\/li>\n\n\n\n<li><strong>Rogues<\/strong>:&nbsp;<a href=\"http:\/\/static.icy-veins.com\/forum-links\/icons\/inv_misc_herb_16.jpg\"><\/a><a href=\"http:\/\/mop.wowhead.com\/spell=8679\" rel=\"noreferrer noopener\" target=\"_blank\">Wound Poison<\/a><\/li>\n\n\n\n<li><strong>Arms\/Fury Warrior<\/strong>:&nbsp;<a href=\"http:\/\/static.icy-veins.com\/forum-links\/icons\/ability_warrior_savageblow.jpg\"><\/a><a href=\"http:\/\/mop.wowhead.com\/spell=12294\" rel=\"noreferrer noopener\" target=\"_blank\">Mortal Strike<\/a>\/<a href=\"http:\/\/static.icy-veins.com\/forum-links\/icons\/spell_warrior_wildstrike.jpg\"><\/a><a href=\"http:\/\/mop.wowhead.com\/spell=100130\" rel=\"noreferrer noopener\" target=\"_blank\">Wild Strike<\/a><\/li>\n<\/ul>\n<\/li>\n\n\n\n<li><strong>Casting speed reduction<\/strong>\n<ul class=\"wp-block-list\">\n<li><strong>Death Knights<\/strong>:&nbsp;<a href=\"http:\/\/static.icy-veins.com\/forum-links\/icons\/inv_axe_96.jpg\"><\/a><a href=\"http:\/\/mop.wowhead.com\/spell=73975\" rel=\"noreferrer noopener\" target=\"_blank\">Necrotic Strike<\/a><\/li>\n\n\n\n<li><strong>Exotic Core Hound Pets<\/strong>:&nbsp;<a href=\"http:\/\/static.icy-veins.com\/forum-links\/icons\/spell_fire_windsofwoe.jpg\"><\/a><a href=\"http:\/\/mop.wowhead.com\/spell=58604\" rel=\"noreferrer noopener\" target=\"_blank\">Lava Breath<\/a><\/li>\n\n\n\n<li><strong>Sporebat Pets<\/strong>:&nbsp;<a href=\"http:\/\/static.icy-veins.com\/forum-links\/icons\/creature_sporemushroom.jpg\"><\/a><a href=\"http:\/\/mop.wowhead.com\/spell=50274\" rel=\"noreferrer noopener\" target=\"_blank\">Spore Cloud<\/a><\/li>\n\n\n\n<li><strong>Arcane Mages<\/strong>:&nbsp;<a href=\"http:\/\/static.icy-veins.com\/forum-links\/icons\/spell_nature_slow.jpg\"><\/a><a href=\"http:\/\/mop.wowhead.com\/spell=31589\" rel=\"noreferrer noopener\" target=\"_blank\">Slow<\/a><\/li>\n\n\n\n<li><strong>Rogues<\/strong>:&nbsp;<a href=\"http:\/\/static.icy-veins.com\/forum-links\/icons\/spell_nature_nullifydisease.jpg\"><\/a><a href=\"http:\/\/mop.wowhead.com\/spell=5761\" rel=\"noreferrer noopener\" target=\"_blank\">Mind-numbing Poison<\/a><\/li>\n\n\n\n<li><strong>Warlocks<\/strong>:&nbsp;<a href=\"http:\/\/static.icy-veins.com\/forum-links\/icons\/warlock_curse_weakness.jpg\"><\/a><a href=\"http:\/\/mop.wowhead.com\/spell=109466\" rel=\"noreferrer noopener\" target=\"_blank\">Curse of Enfeeblement<\/a><\/li>\n<\/ul>\n<\/li>\n<\/ul>","protected":false},"excerpt":{"rendered":"<p>Raidy Terrace of Endless Spring Heart of Fear Mogu&#8217;shan Vaults Mogu&#8217;shan Vaults najdete na vrcholu Kun-Lai na severn\u00edm konci a vlevo od Chr\u00e1mu b\u00edl\u00e9ho tygra. Nach\u00e1z\u00ed se na sou\u0159adnic\u00edch 59.7, 39. Na map\u011b hledejte n\u00e1pis &#8222;Mogu&#8217;shan Terrace&#8220;. Mogu&#8217;shan Vaults can be found in Kun-Lai Summit towards the northern end and left of the Temple of [&hellip;]<\/p>\n","protected":false},"author":1,"featured_media":0,"parent":0,"menu_order":0,"comment_status":"closed","ping_status":"closed","template":"","meta":{"footnotes":""},"class_list":["post-102","page","type-page","status-publish","hentry"],"_links":{"self":[{"href":"https:\/\/pv.pekelny.net\/en\/wp-json\/wp\/v2\/pages\/102","targetHints":{"allow":["GET"]}}],"collection":[{"href":"https:\/\/pv.pekelny.net\/en\/wp-json\/wp\/v2\/pages"}],"about":[{"href":"https:\/\/pv.pekelny.net\/en\/wp-json\/wp\/v2\/types\/page"}],"author":[{"embeddable":true,"href":"https:\/\/pv.pekelny.net\/en\/wp-json\/wp\/v2\/users\/1"}],"replies":[{"embeddable":true,"href":"https:\/\/pv.pekelny.net\/en\/wp-json\/wp\/v2\/comments?post=102"}],"version-history":[{"count":7,"href":"https:\/\/pv.pekelny.net\/en\/wp-json\/wp\/v2\/pages\/102\/revisions"}],"predecessor-version":[{"id":139,"href":"https:\/\/pv.pekelny.net\/en\/wp-json\/wp\/v2\/pages\/102\/revisions\/139"}],"wp:attachment":[{"href":"https:\/\/pv.pekelny.net\/en\/wp-json\/wp\/v2\/media?parent=102"}],"curies":[{"name":"wp","href":"https:\/\/api.w.org\/{rel}","templated":true}]}}